{"id":31116,"date":"2026-02-10T22:15:32","date_gmt":"2026-02-10T22:15:32","guid":{"rendered":"https:\/\/socksstore.no\/?post_type=product&#038;p=31116"},"modified":"2026-02-20T09:43:46","modified_gmt":"2026-02-20T09:43:46","slug":"5-pack-blandad-farg-bambu-briefs-trosa-lag-midja","status":"publish","type":"product","link":"https:\/\/socksstore.no\/?product=5-pack-blandad-farg-bambu-briefs-trosa-lag-midja","title":{"rendered":"5-Pack Blandad f\u00e4rg Bambu Briefs Trosa l\u00e5g midja"},"content":{"rendered":"<p><strong>Minibyxor i bambu fr\u00e5n GAUBERT\u00ae.<\/strong><\/p>\n<ul>\n<li>Klassiska midjetrosor med standard midja<\/li>\n<li>Supermjukt bambumaterial f\u00f6r extra komfort<\/li>\n<li>Tillverkad av h\u00e5llbart material<\/li>\n<li>Hudv\u00e4nligt tyg<\/li>\n<\/ul>\n<p><strong>Materialsammans\u00e4ttning:<\/strong> 68 % bambuviskos 28 % kammad bomull, 4 % elastan<\/p>\n<p><strong>Storlekar: <\/strong>S\/M, L\/XL, 2XL\/3XL<\/p>\n<p><strong>Fit:<\/strong> Normal<\/p>\n<div class=\"ccvoYb\">\n<div class=\"AxqVh\">\n<div class=\"OPPzxe\">\n<div class=\"dePhmb\">\n<div class=\"eyKpYb\" data-language=\"en\" data-original-language=\"auto\" data-result-index=\"0\">\n<div class=\"J0lOec\"><span class=\"VIiyi\" lang=\"en\"><span class=\"JLqJ4b ChMk0b\" data-language-for-alternatives=\"en\" data-language-to-translate-into=\"auto\" data-phrase-index=\"0\"><strong>Certifiering:<\/strong> OEKO-\/TEX-standardcertifiering:><0-\/div><\/strong><\/p>\n<div class=\"J0lOec\">\n<div id=\"comp-k6457zlj\" class=\"_1Z_nJ\" data-testid=\"richTextElement\">\n<p class=\"font_3\">Oeko-Tex Standard 100 \u00e4r ett test- och certifieringssystem f\u00f6r textilier. Standarden fokuserar p\u00e5 att begr\u00e4nsa anv\u00e4ndningen av skadliga \u00e4mnen i f\u00f6rh\u00e5llande till slutanv\u00e4ndarens h\u00e4lsa. \u00c4ven om m\u00e4rkningen d\u00e4rf\u00f6r \u00e4r inriktad p\u00e5 h\u00e4lsoaspekter av textilprodukten, har riktlinjerna f\u00f6r anv\u00e4ndning av skadliga \u00e4mnen ocks\u00e5 gr\u00e4nssnitt med den ekologiska dimensionen av h\u00e5llbarhet.<\/p>\n<\/div>\n<\/div>\n<\/div>\n<\/div>\n<\/div>\n<\/div>\n<\/div>\n","protected":false},"excerpt":{"rendered":"<p>Minibyxor i bambu fr\u00e5n GAUBERT\u00ae. Klassiska midjetrosor med standard midja Supermjukt bambumaterial f\u00f6r extra komfort Tillverkad av h\u00e5llbart material Hudv\u00e4nligt tyg Materialsammans\u00e4ttning: 68 % bambuviskos 28 % kammad bomull, 4<\/p>\n","protected":false},"featured_media":31145,"comment_status":"closed","ping_status":"closed","template":"","meta":[],"product_brand":[221],"product_cat":[127,254,219],"product_tag":[],"class_list":{"0":"post-31116","1":"product","2":"type-product","3":"status-publish","4":"has-post-thumbnail","6":"product_brand-gianvaglia","7":"product_cat-adult","8":"product_cat-for-henne","9":"product_cat-underklader","10":"pa_farg-beige","11":"pa_farg-cream","12":"pa_farg-morkbla","13":"pa_farg-rod","14":"pa_farg-svart","15":"pa_langd-brief","16":"pa_material-bambu","17":"pa_monster-vanlig","18":"pa_storlek-2xl-3xl","19":"pa_storlek-l-xl","20":"pa_storlek-s-m","21":"pa_tillverkare-gianvaglia","23":"first","24":"instock","25":"taxable","26":"shipping-taxable","27":"purchasable","28":"product-type-variable"},"yoast_head":"<!-- This site is optimized with the Yoast SEO plugin v27.4 - https:\/\/yoast.com\/product\/yoast-seo-wordpress\/ -->\n<title>5-Pack Blandad f\u00e4rg Bambu Briefs Trosa l\u00e5g midja - Socks Store NO<\/title>\n<meta name=\"robots\" content=\"index, follow, max-snippet:-1, max-image-preview:large, max-video-preview:-1\" \/>\n<link rel=\"canonical\" href=\"https:\/\/socksstore.no\/product\/5-pack-blandad-farg-bambu-briefs-trosa-lag-midja\/\" \/>\n<meta property=\"og:locale\" content=\"nb_NO\" \/>\n<meta property=\"og:type\" content=\"article\" \/>\n<meta property=\"og:title\" content=\"5-Pack Blandad f\u00e4rg Bambu Briefs Trosa l\u00e5g midja - Socks Store NO\" \/>\n<meta property=\"og:description\" content=\"Minibyxor i bambu fr\u00e5n GAUBERT\u00ae. Klassiska midjetrosor med standard midja Supermjukt bambumaterial f\u00f6r extra komfort Tillverkad av h\u00e5llbart material Hudv\u00e4nligt tyg Materialsammans\u00e4ttning: 68 % bambuviskos 28 % kammad bomull, 4\" \/>\n<meta property=\"og:url\" content=\"https:\/\/socksstore.no\/product\/5-pack-blandad-farg-bambu-briefs-trosa-lag-midja\/\" \/>\n<meta property=\"og:site_name\" content=\"Socks Store NO\" \/>\n<meta property=\"article:publisher\" content=\"https:\/\/www.facebook.com\/socksstore.se\" \/>\n<meta property=\"article:modified_time\" content=\"2026-02-20T09:43:46+00:00\" \/>\n<meta property=\"og:image\" content=\"https:\/\/socksstore.no\/wp-content\/uploads\/2026\/02\/Untitled-41-901-c-1.jpeg\" \/>\n\t<meta property=\"og:image:width\" content=\"1000\" \/>\n\t<meta property=\"og:image:height\" content=\"1000\" \/>\n\t<meta property=\"og:image:type\" content=\"image\/jpeg\" \/>\n<meta name=\"twitter:card\" content=\"summary_large_image\" \/>\n<meta name=\"twitter:site\" content=\"@SocksStore\" \/>\n<meta name=\"twitter:label1\" content=\"Ansl. lesetid\" \/>\n\t<meta name=\"twitter:data1\" content=\"2 minutter\" \/>\n<script type=\"application\/ld+json\" class=\"yoast-schema-graph\">{\"@context\":\"https:\\\/\\\/schema.org\",\"@graph\":[{\"@type\":\"WebPage\",\"@id\":\"https:\\\/\\\/socksstore.no\\\/product\\\/5-pack-blandad-farg-bambu-briefs-trosa-lag-midja\\\/\",\"url\":\"https:\\\/\\\/socksstore.no\\\/product\\\/5-pack-blandad-farg-bambu-briefs-trosa-lag-midja\\\/\",\"name\":\"5-Pack Blandad f\u00e4rg Bambu Briefs Trosa l\u00e5g midja - Socks Store NO\",\"isPartOf\":{\"@id\":\"https:\\\/\\\/socksstore.no\\\/#website\"},\"primaryImageOfPage\":{\"@id\":\"https:\\\/\\\/socksstore.no\\\/product\\\/5-pack-blandad-farg-bambu-briefs-trosa-lag-midja\\\/#primaryimage\"},\"image\":{\"@id\":\"https:\\\/\\\/socksstore.no\\\/product\\\/5-pack-blandad-farg-bambu-briefs-trosa-lag-midja\\\/#primaryimage\"},\"thumbnailUrl\":\"https:\\\/\\\/socksstore.no\\\/wp-content\\\/uploads\\\/2026\\\/02\\\/Untitled-41-901-c-1.jpeg\",\"datePublished\":\"2026-02-10T22:15:32+00:00\",\"dateModified\":\"2026-02-20T09:43:46+00:00\",\"breadcrumb\":{\"@id\":\"https:\\\/\\\/socksstore.no\\\/product\\\/5-pack-blandad-farg-bambu-briefs-trosa-lag-midja\\\/#breadcrumb\"},\"inLanguage\":\"nb-NO\",\"potentialAction\":[{\"@type\":\"ReadAction\",\"target\":[\"https:\\\/\\\/socksstore.no\\\/product\\\/5-pack-blandad-farg-bambu-briefs-trosa-lag-midja\\\/\"]}]},{\"@type\":\"ImageObject\",\"inLanguage\":\"nb-NO\",\"@id\":\"https:\\\/\\\/socksstore.no\\\/product\\\/5-pack-blandad-farg-bambu-briefs-trosa-lag-midja\\\/#primaryimage\",\"url\":\"https:\\\/\\\/socksstore.no\\\/wp-content\\\/uploads\\\/2026\\\/02\\\/Untitled-41-901-c-1.jpeg\",\"contentUrl\":\"https:\\\/\\\/socksstore.no\\\/wp-content\\\/uploads\\\/2026\\\/02\\\/Untitled-41-901-c-1.jpeg\",\"width\":1000,\"height\":1000,\"caption\":\"Set of five colorful bamboo briefs with a low-rise fit, perfect for everyday comfort and style. Made from soft, sustainable bamboo fabric.\"},{\"@type\":\"BreadcrumbList\",\"@id\":\"https:\\\/\\\/socksstore.no\\\/product\\\/5-pack-blandad-farg-bambu-briefs-trosa-lag-midja\\\/#breadcrumb\",\"itemListElement\":[{\"@type\":\"ListItem\",\"position\":1,\"name\":\"Home\",\"item\":\"https:\\\/\\\/socksstore.no\\\/\"},{\"@type\":\"ListItem\",\"position\":2,\"name\":\"Shop\",\"item\":\"https:\\\/\\\/socksstore.no\\\/?page_id=2558\"},{\"@type\":\"ListItem\",\"position\":3,\"name\":\"5-Pack Blandad f\u00e4rg Bambu Briefs Trosa l\u00e5g midja\"}]},{\"@type\":\"WebSite\",\"@id\":\"https:\\\/\\\/socksstore.no\\\/#website\",\"url\":\"https:\\\/\\\/socksstore.no\\\/\",\"name\":\"Socks Store\",\"description\":\"Happy Socks butik\",\"publisher\":{\"@id\":\"https:\\\/\\\/socksstore.no\\\/#organization\"},\"potentialAction\":[{\"@type\":\"SearchAction\",\"target\":{\"@type\":\"EntryPoint\",\"urlTemplate\":\"https:\\\/\\\/socksstore.no\\\/?s={search_term_string}\"},\"query-input\":{\"@type\":\"PropertyValueSpecification\",\"valueRequired\":true,\"valueName\":\"search_term_string\"}}],\"inLanguage\":\"nb-NO\"},{\"@type\":\"Organization\",\"@id\":\"https:\\\/\\\/socksstore.no\\\/#organization\",\"name\":\"Socks Store\",\"url\":\"https:\\\/\\\/socksstore.no\\\/\",\"logo\":{\"@type\":\"ImageObject\",\"inLanguage\":\"nb-NO\",\"@id\":\"https:\\\/\\\/socksstore.no\\\/#\\\/schema\\\/logo\\\/image\\\/\",\"url\":\"https:\\\/\\\/socksstore.no\\\/wp-content\\\/uploads\\\/2026\\\/02\\\/Socks-Store-logo-new-site.svg\",\"contentUrl\":\"https:\\\/\\\/socksstore.no\\\/wp-content\\\/uploads\\\/2026\\\/02\\\/Socks-Store-logo-new-site.svg\",\"width\":350,\"height\":297,\"caption\":\"Socks Store\"},\"image\":{\"@id\":\"https:\\\/\\\/socksstore.no\\\/#\\\/schema\\\/logo\\\/image\\\/\"},\"sameAs\":[\"https:\\\/\\\/www.facebook.com\\\/socksstore.se\",\"https:\\\/\\\/x.com\\\/SocksStore\",\"https:\\\/\\\/www.instagram.com\\\/socksstore.se\\\/\",\"https:\\\/\\\/www.youtube.com\\\/@socksstore_se\"]}]}<\/script>\n<!-- \/ Yoast SEO plugin. -->","yoast_head_json":{"title":"5-Pack Blandad f\u00e4rg Bambu Briefs Trosa l\u00e5g midja - Socks Store NO","robots":{"index":"index","follow":"follow","max-snippet":"max-snippet:-1","max-image-preview":"max-image-preview:large","max-video-preview":"max-video-preview:-1"},"canonical":"https:\/\/socksstore.no\/product\/5-pack-blandad-farg-bambu-briefs-trosa-lag-midja\/","og_locale":"nb_NO","og_type":"article","og_title":"5-Pack Blandad f\u00e4rg Bambu Briefs Trosa l\u00e5g midja - Socks Store NO","og_description":"Minibyxor i bambu fr\u00e5n GAUBERT\u00ae. Klassiska midjetrosor med standard midja Supermjukt bambumaterial f\u00f6r extra komfort Tillverkad av h\u00e5llbart material Hudv\u00e4nligt tyg Materialsammans\u00e4ttning: 68 % bambuviskos 28 % kammad bomull, 4","og_url":"https:\/\/socksstore.no\/product\/5-pack-blandad-farg-bambu-briefs-trosa-lag-midja\/","og_site_name":"Socks Store NO","article_publisher":"https:\/\/www.facebook.com\/socksstore.se","article_modified_time":"2026-02-20T09:43:46+00:00","og_image":[{"width":1000,"height":1000,"url":"https:\/\/socksstore.no\/wp-content\/uploads\/2026\/02\/Untitled-41-901-c-1.jpeg","type":"image\/jpeg"}],"twitter_card":"summary_large_image","twitter_site":"@SocksStore","twitter_misc":{"Ansl. lesetid":"2 minutter"},"schema":{"@context":"https:\/\/schema.org","@graph":[{"@type":"WebPage","@id":"https:\/\/socksstore.no\/product\/5-pack-blandad-farg-bambu-briefs-trosa-lag-midja\/","url":"https:\/\/socksstore.no\/product\/5-pack-blandad-farg-bambu-briefs-trosa-lag-midja\/","name":"5-Pack Blandad f\u00e4rg Bambu Briefs Trosa l\u00e5g midja - Socks Store NO","isPartOf":{"@id":"https:\/\/socksstore.no\/#website"},"primaryImageOfPage":{"@id":"https:\/\/socksstore.no\/product\/5-pack-blandad-farg-bambu-briefs-trosa-lag-midja\/#primaryimage"},"image":{"@id":"https:\/\/socksstore.no\/product\/5-pack-blandad-farg-bambu-briefs-trosa-lag-midja\/#primaryimage"},"thumbnailUrl":"https:\/\/socksstore.no\/wp-content\/uploads\/2026\/02\/Untitled-41-901-c-1.jpeg","datePublished":"2026-02-10T22:15:32+00:00","dateModified":"2026-02-20T09:43:46+00:00","breadcrumb":{"@id":"https:\/\/socksstore.no\/product\/5-pack-blandad-farg-bambu-briefs-trosa-lag-midja\/#breadcrumb"},"inLanguage":"nb-NO","potentialAction":[{"@type":"ReadAction","target":["https:\/\/socksstore.no\/product\/5-pack-blandad-farg-bambu-briefs-trosa-lag-midja\/"]}]},{"@type":"ImageObject","inLanguage":"nb-NO","@id":"https:\/\/socksstore.no\/product\/5-pack-blandad-farg-bambu-briefs-trosa-lag-midja\/#primaryimage","url":"https:\/\/socksstore.no\/wp-content\/uploads\/2026\/02\/Untitled-41-901-c-1.jpeg","contentUrl":"https:\/\/socksstore.no\/wp-content\/uploads\/2026\/02\/Untitled-41-901-c-1.jpeg","width":1000,"height":1000,"caption":"Set of five colorful bamboo briefs with a low-rise fit, perfect for everyday comfort and style. Made from soft, sustainable bamboo fabric."},{"@type":"BreadcrumbList","@id":"https:\/\/socksstore.no\/product\/5-pack-blandad-farg-bambu-briefs-trosa-lag-midja\/#breadcrumb","itemListElement":[{"@type":"ListItem","position":1,"name":"Home","item":"https:\/\/socksstore.no\/"},{"@type":"ListItem","position":2,"name":"Shop","item":"https:\/\/socksstore.no\/?page_id=2558"},{"@type":"ListItem","position":3,"name":"5-Pack Blandad f\u00e4rg Bambu Briefs Trosa l\u00e5g midja"}]},{"@type":"WebSite","@id":"https:\/\/socksstore.no\/#website","url":"https:\/\/socksstore.no\/","name":"Socks Store","description":"Happy Socks butik","publisher":{"@id":"https:\/\/socksstore.no\/#organization"},"potentialAction":[{"@type":"SearchAction","target":{"@type":"EntryPoint","urlTemplate":"https:\/\/socksstore.no\/?s={search_term_string}"},"query-input":{"@type":"PropertyValueSpecification","valueRequired":true,"valueName":"search_term_string"}}],"inLanguage":"nb-NO"},{"@type":"Organization","@id":"https:\/\/socksstore.no\/#organization","name":"Socks Store","url":"https:\/\/socksstore.no\/","logo":{"@type":"ImageObject","inLanguage":"nb-NO","@id":"https:\/\/socksstore.no\/#\/schema\/logo\/image\/","url":"https:\/\/socksstore.no\/wp-content\/uploads\/2026\/02\/Socks-Store-logo-new-site.svg","contentUrl":"https:\/\/socksstore.no\/wp-content\/uploads\/2026\/02\/Socks-Store-logo-new-site.svg","width":350,"height":297,"caption":"Socks Store"},"image":{"@id":"https:\/\/socksstore.no\/#\/schema\/logo\/image\/"},"sameAs":["https:\/\/www.facebook.com\/socksstore.se","https:\/\/x.com\/SocksStore","https:\/\/www.instagram.com\/socksstore.se\/","https:\/\/www.youtube.com\/@socksstore_se"]}]}},"_links":{"self":[{"href":"https:\/\/socksstore.no\/index.php?rest_route=\/wp\/v2\/product\/31116","targetHints":{"allow":["GET"]}}],"collection":[{"href":"https:\/\/socksstore.no\/index.php?rest_route=\/wp\/v2\/product"}],"about":[{"href":"https:\/\/socksstore.no\/index.php?rest_route=\/wp\/v2\/types\/product"}],"replies":[{"embeddable":true,"href":"https:\/\/socksstore.no\/index.php?rest_route=%2Fwp%2Fv2%2Fcomments&post=31116"}],"version-history":[{"count":1,"href":"https:\/\/socksstore.no\/index.php?rest_route=\/wp\/v2\/product\/31116\/revisions"}],"predecessor-version":[{"id":31146,"href":"https:\/\/socksstore.no\/index.php?rest_route=\/wp\/v2\/product\/31116\/revisions\/31146"}],"wp:featuredmedia":[{"embeddable":true,"href":"https:\/\/socksstore.no\/index.php?rest_route=\/wp\/v2\/media\/31145"}],"wp:attachment":[{"href":"https:\/\/socksstore.no\/index.php?rest_route=%2Fwp%2Fv2%2Fmedia&parent=31116"}],"wp:term":[{"taxonomy":"product_brand","embeddable":true,"href":"https:\/\/socksstore.no\/index.php?rest_route=%2Fwp%2Fv2%2Fproduct_brand&post=31116"},{"taxonomy":"product_cat","embeddable":true,"href":"https:\/\/socksstore.no\/index.php?rest_route=%2Fwp%2Fv2%2Fproduct_cat&post=31116"},{"taxonomy":"product_tag","embeddable":true,"href":"https:\/\/socksstore.no\/index.php?rest_route=%2Fwp%2Fv2%2Fproduct_tag&post=31116"}],"curies":[{"name":"wp","href":"https:\/\/api.w.org\/{rel}","templated":true}]}}