{"id":30485,"date":"2026-02-10T22:09:28","date_gmt":"2026-02-10T22:09:28","guid":{"rendered":"https:\/\/socksstore.no\/?post_type=product&#038;p=30485"},"modified":"2026-02-20T09:43:49","modified_gmt":"2026-02-20T09:43:49","slug":"hundstrumpor","status":"publish","type":"product","link":"https:\/\/socksstore.no\/?product=hundstrumpor","title":{"rendered":"Hundstrumpor"},"content":{"rendered":"<p>Inget sl\u00e5r en riktig hund, men de f\u00e4rgglada Dog-sockorna \u00e4r n\u00e4stan lika bra.\u00a0Strumporna \u00e4r t\u00e4ckta av leende hundar och ger en tidl\u00f6s stil som \u00e4r perfekt f\u00f6r alla tillf\u00e4llen och i vilken garderob som helst.\u00a0K\u00f6p ett par till dig sj\u00e4lv eller en v\u00e4n.\u00a0Tillverkad i mjuk bomull och finns i b\u00e5de dam- och herrstorlekar.<\/p>\n","protected":false},"excerpt":{"rendered":"<p>Inget sl\u00e5r en riktig hund, men de f\u00e4rgglada Dog-sockorna \u00e4r n\u00e4stan lika bra.\u00a0Strumporna \u00e4r t\u00e4ckta av leende hundar och ger en tidl\u00f6s stil som \u00e4r perfekt f\u00f6r alla tillf\u00e4llen och<\/p>\n","protected":false},"featured_media":30525,"comment_status":"open","ping_status":"closed","template":"","meta":[],"product_brand":[199],"product_cat":[127,193],"product_tag":[],"class_list":{"0":"post-30485","1":"product","2":"type-product","3":"status-publish","4":"has-post-thumbnail","6":"product_brand-happy-socks","7":"product_cat-adult","8":"product_cat-roliga-strumpor","9":"pa_farg-svart","10":"pa_langd-crew","11":"pa_material-bomull","12":"pa_monster-djur","13":"pa_storlek-36-40","14":"pa_storlek-41-46","15":"pa_tillverkare-happy-socks","17":"first","18":"instock","19":"taxable","20":"shipping-taxable","21":"purchasable","22":"product-type-variable"},"yoast_head":"<!-- This site is optimized with the Yoast SEO plugin v27.4 - https:\/\/yoast.com\/product\/yoast-seo-wordpress\/ -->\n<title>Hundstrumpor - Socks Store NO<\/title>\n<meta name=\"robots\" content=\"index, follow, max-snippet:-1, max-image-preview:large, max-video-preview:-1\" \/>\n<link rel=\"canonical\" href=\"https:\/\/socksstore.no\/product\/hundstrumpor\/\" \/>\n<meta property=\"og:locale\" content=\"nb_NO\" \/>\n<meta property=\"og:type\" content=\"article\" \/>\n<meta property=\"og:title\" content=\"Hundstrumpor - Socks Store NO\" \/>\n<meta property=\"og:description\" content=\"Inget sl\u00e5r en riktig hund, men de f\u00e4rgglada Dog-sockorna \u00e4r n\u00e4stan lika bra.\u00a0Strumporna \u00e4r t\u00e4ckta av leende hundar och ger en tidl\u00f6s stil som \u00e4r perfekt f\u00f6r alla tillf\u00e4llen och\" \/>\n<meta property=\"og:url\" content=\"https:\/\/socksstore.no\/product\/hundstrumpor\/\" \/>\n<meta property=\"og:site_name\" content=\"Socks Store NO\" \/>\n<meta property=\"article:publisher\" content=\"https:\/\/www.facebook.com\/socksstore.se\" \/>\n<meta property=\"article:modified_time\" content=\"2026-02-20T09:43:49+00:00\" \/>\n<meta property=\"og:image\" content=\"https:\/\/socksstore.no\/wp-content\/uploads\/2026\/02\/Happy-Socks-DOG01-9001.png\" \/>\n\t<meta property=\"og:image:width\" content=\"1080\" \/>\n\t<meta property=\"og:image:height\" content=\"1080\" \/>\n\t<meta property=\"og:image:type\" content=\"image\/png\" \/>\n<meta name=\"twitter:card\" content=\"summary_large_image\" \/>\n<meta name=\"twitter:site\" content=\"@SocksStore\" \/>\n<meta name=\"twitter:label1\" content=\"Ansl. lesetid\" \/>\n\t<meta name=\"twitter:data1\" content=\"1 minutt\" \/>\n<script type=\"application\/ld+json\" class=\"yoast-schema-graph\">{\"@context\":\"https:\\\/\\\/schema.org\",\"@graph\":[{\"@type\":\"WebPage\",\"@id\":\"https:\\\/\\\/socksstore.no\\\/product\\\/hundstrumpor\\\/\",\"url\":\"https:\\\/\\\/socksstore.no\\\/product\\\/hundstrumpor\\\/\",\"name\":\"Hundstrumpor - Socks Store NO\",\"isPartOf\":{\"@id\":\"https:\\\/\\\/socksstore.no\\\/#website\"},\"primaryImageOfPage\":{\"@id\":\"https:\\\/\\\/socksstore.no\\\/product\\\/hundstrumpor\\\/#primaryimage\"},\"image\":{\"@id\":\"https:\\\/\\\/socksstore.no\\\/product\\\/hundstrumpor\\\/#primaryimage\"},\"thumbnailUrl\":\"https:\\\/\\\/socksstore.no\\\/wp-content\\\/uploads\\\/2026\\\/02\\\/Happy-Socks-DOG01-9001.png\",\"datePublished\":\"2026-02-10T22:09:28+00:00\",\"dateModified\":\"2026-02-20T09:43:49+00:00\",\"breadcrumb\":{\"@id\":\"https:\\\/\\\/socksstore.no\\\/product\\\/hundstrumpor\\\/#breadcrumb\"},\"inLanguage\":\"nb-NO\",\"potentialAction\":[{\"@type\":\"ReadAction\",\"target\":[\"https:\\\/\\\/socksstore.no\\\/product\\\/hundstrumpor\\\/\"]}]},{\"@type\":\"ImageObject\",\"inLanguage\":\"nb-NO\",\"@id\":\"https:\\\/\\\/socksstore.no\\\/product\\\/hundstrumpor\\\/#primaryimage\",\"url\":\"https:\\\/\\\/socksstore.no\\\/wp-content\\\/uploads\\\/2026\\\/02\\\/Happy-Socks-DOG01-9001.png\",\"contentUrl\":\"https:\\\/\\\/socksstore.no\\\/wp-content\\\/uploads\\\/2026\\\/02\\\/Happy-Socks-DOG01-9001.png\",\"width\":1080,\"height\":1080},{\"@type\":\"BreadcrumbList\",\"@id\":\"https:\\\/\\\/socksstore.no\\\/product\\\/hundstrumpor\\\/#breadcrumb\",\"itemListElement\":[{\"@type\":\"ListItem\",\"position\":1,\"name\":\"Home\",\"item\":\"https:\\\/\\\/socksstore.no\\\/\"},{\"@type\":\"ListItem\",\"position\":2,\"name\":\"Shop\",\"item\":\"https:\\\/\\\/socksstore.no\\\/?page_id=2558\"},{\"@type\":\"ListItem\",\"position\":3,\"name\":\"Hundstrumpor\"}]},{\"@type\":\"WebSite\",\"@id\":\"https:\\\/\\\/socksstore.no\\\/#website\",\"url\":\"https:\\\/\\\/socksstore.no\\\/\",\"name\":\"Socks Store\",\"description\":\"Happy Socks butik\",\"publisher\":{\"@id\":\"https:\\\/\\\/socksstore.no\\\/#organization\"},\"potentialAction\":[{\"@type\":\"SearchAction\",\"target\":{\"@type\":\"EntryPoint\",\"urlTemplate\":\"https:\\\/\\\/socksstore.no\\\/?s={search_term_string}\"},\"query-input\":{\"@type\":\"PropertyValueSpecification\",\"valueRequired\":true,\"valueName\":\"search_term_string\"}}],\"inLanguage\":\"nb-NO\"},{\"@type\":\"Organization\",\"@id\":\"https:\\\/\\\/socksstore.no\\\/#organization\",\"name\":\"Socks Store\",\"url\":\"https:\\\/\\\/socksstore.no\\\/\",\"logo\":{\"@type\":\"ImageObject\",\"inLanguage\":\"nb-NO\",\"@id\":\"https:\\\/\\\/socksstore.no\\\/#\\\/schema\\\/logo\\\/image\\\/\",\"url\":\"https:\\\/\\\/socksstore.no\\\/wp-content\\\/uploads\\\/2026\\\/02\\\/Socks-Store-logo-new-site.svg\",\"contentUrl\":\"https:\\\/\\\/socksstore.no\\\/wp-content\\\/uploads\\\/2026\\\/02\\\/Socks-Store-logo-new-site.svg\",\"width\":350,\"height\":297,\"caption\":\"Socks Store\"},\"image\":{\"@id\":\"https:\\\/\\\/socksstore.no\\\/#\\\/schema\\\/logo\\\/image\\\/\"},\"sameAs\":[\"https:\\\/\\\/www.facebook.com\\\/socksstore.se\",\"https:\\\/\\\/x.com\\\/SocksStore\",\"https:\\\/\\\/www.instagram.com\\\/socksstore.se\\\/\",\"https:\\\/\\\/www.youtube.com\\\/@socksstore_se\"]}]}<\/script>\n<!-- \/ Yoast SEO plugin. -->","yoast_head_json":{"title":"Hundstrumpor - Socks Store NO","robots":{"index":"index","follow":"follow","max-snippet":"max-snippet:-1","max-image-preview":"max-image-preview:large","max-video-preview":"max-video-preview:-1"},"canonical":"https:\/\/socksstore.no\/product\/hundstrumpor\/","og_locale":"nb_NO","og_type":"article","og_title":"Hundstrumpor - Socks Store NO","og_description":"Inget sl\u00e5r en riktig hund, men de f\u00e4rgglada Dog-sockorna \u00e4r n\u00e4stan lika bra.\u00a0Strumporna \u00e4r t\u00e4ckta av leende hundar och ger en tidl\u00f6s stil som \u00e4r perfekt f\u00f6r alla tillf\u00e4llen och","og_url":"https:\/\/socksstore.no\/product\/hundstrumpor\/","og_site_name":"Socks Store NO","article_publisher":"https:\/\/www.facebook.com\/socksstore.se","article_modified_time":"2026-02-20T09:43:49+00:00","og_image":[{"width":1080,"height":1080,"url":"https:\/\/socksstore.no\/wp-content\/uploads\/2026\/02\/Happy-Socks-DOG01-9001.png","type":"image\/png"}],"twitter_card":"summary_large_image","twitter_site":"@SocksStore","twitter_misc":{"Ansl. lesetid":"1 minutt"},"schema":{"@context":"https:\/\/schema.org","@graph":[{"@type":"WebPage","@id":"https:\/\/socksstore.no\/product\/hundstrumpor\/","url":"https:\/\/socksstore.no\/product\/hundstrumpor\/","name":"Hundstrumpor - Socks Store NO","isPartOf":{"@id":"https:\/\/socksstore.no\/#website"},"primaryImageOfPage":{"@id":"https:\/\/socksstore.no\/product\/hundstrumpor\/#primaryimage"},"image":{"@id":"https:\/\/socksstore.no\/product\/hundstrumpor\/#primaryimage"},"thumbnailUrl":"https:\/\/socksstore.no\/wp-content\/uploads\/2026\/02\/Happy-Socks-DOG01-9001.png","datePublished":"2026-02-10T22:09:28+00:00","dateModified":"2026-02-20T09:43:49+00:00","breadcrumb":{"@id":"https:\/\/socksstore.no\/product\/hundstrumpor\/#breadcrumb"},"inLanguage":"nb-NO","potentialAction":[{"@type":"ReadAction","target":["https:\/\/socksstore.no\/product\/hundstrumpor\/"]}]},{"@type":"ImageObject","inLanguage":"nb-NO","@id":"https:\/\/socksstore.no\/product\/hundstrumpor\/#primaryimage","url":"https:\/\/socksstore.no\/wp-content\/uploads\/2026\/02\/Happy-Socks-DOG01-9001.png","contentUrl":"https:\/\/socksstore.no\/wp-content\/uploads\/2026\/02\/Happy-Socks-DOG01-9001.png","width":1080,"height":1080},{"@type":"BreadcrumbList","@id":"https:\/\/socksstore.no\/product\/hundstrumpor\/#breadcrumb","itemListElement":[{"@type":"ListItem","position":1,"name":"Home","item":"https:\/\/socksstore.no\/"},{"@type":"ListItem","position":2,"name":"Shop","item":"https:\/\/socksstore.no\/?page_id=2558"},{"@type":"ListItem","position":3,"name":"Hundstrumpor"}]},{"@type":"WebSite","@id":"https:\/\/socksstore.no\/#website","url":"https:\/\/socksstore.no\/","name":"Socks Store","description":"Happy Socks butik","publisher":{"@id":"https:\/\/socksstore.no\/#organization"},"potentialAction":[{"@type":"SearchAction","target":{"@type":"EntryPoint","urlTemplate":"https:\/\/socksstore.no\/?s={search_term_string}"},"query-input":{"@type":"PropertyValueSpecification","valueRequired":true,"valueName":"search_term_string"}}],"inLanguage":"nb-NO"},{"@type":"Organization","@id":"https:\/\/socksstore.no\/#organization","name":"Socks Store","url":"https:\/\/socksstore.no\/","logo":{"@type":"ImageObject","inLanguage":"nb-NO","@id":"https:\/\/socksstore.no\/#\/schema\/logo\/image\/","url":"https:\/\/socksstore.no\/wp-content\/uploads\/2026\/02\/Socks-Store-logo-new-site.svg","contentUrl":"https:\/\/socksstore.no\/wp-content\/uploads\/2026\/02\/Socks-Store-logo-new-site.svg","width":350,"height":297,"caption":"Socks Store"},"image":{"@id":"https:\/\/socksstore.no\/#\/schema\/logo\/image\/"},"sameAs":["https:\/\/www.facebook.com\/socksstore.se","https:\/\/x.com\/SocksStore","https:\/\/www.instagram.com\/socksstore.se\/","https:\/\/www.youtube.com\/@socksstore_se"]}]}},"_links":{"self":[{"href":"https:\/\/socksstore.no\/index.php?rest_route=\/wp\/v2\/product\/30485","targetHints":{"allow":["GET"]}}],"collection":[{"href":"https:\/\/socksstore.no\/index.php?rest_route=\/wp\/v2\/product"}],"about":[{"href":"https:\/\/socksstore.no\/index.php?rest_route=\/wp\/v2\/types\/product"}],"replies":[{"embeddable":true,"href":"https:\/\/socksstore.no\/index.php?rest_route=%2Fwp%2Fv2%2Fcomments&post=30485"}],"version-history":[{"count":1,"href":"https:\/\/socksstore.no\/index.php?rest_route=\/wp\/v2\/product\/30485\/revisions"}],"predecessor-version":[{"id":30526,"href":"https:\/\/socksstore.no\/index.php?rest_route=\/wp\/v2\/product\/30485\/revisions\/30526"}],"wp:featuredmedia":[{"embeddable":true,"href":"https:\/\/socksstore.no\/index.php?rest_route=\/wp\/v2\/media\/30525"}],"wp:attachment":[{"href":"https:\/\/socksstore.no\/index.php?rest_route=%2Fwp%2Fv2%2Fmedia&parent=30485"}],"wp:term":[{"taxonomy":"product_brand","embeddable":true,"href":"https:\/\/socksstore.no\/index.php?rest_route=%2Fwp%2Fv2%2Fproduct_brand&post=30485"},{"taxonomy":"product_cat","embeddable":true,"href":"https:\/\/socksstore.no\/index.php?rest_route=%2Fwp%2Fv2%2Fproduct_cat&post=30485"},{"taxonomy":"product_tag","embeddable":true,"href":"https:\/\/socksstore.no\/index.php?rest_route=%2Fwp%2Fv2%2Fproduct_tag&post=30485"}],"curies":[{"name":"wp","href":"https:\/\/api.w.org\/{rel}","templated":true}]}}